{"id":26795,"date":"2017-09-19T15:03:34","date_gmt":"2017-09-19T15:03:34","guid":{"rendered":"https:\/\/www.viamoda.ad\/conocenos\/"},"modified":"2022-04-05T17:43:01","modified_gmt":"2022-04-05T15:43:01","slug":"a-propos-de-it","status":"publish","type":"page","link":"https:\/\/www.itpas.ad\/fr\/a-propos-de-it\/","title":{"rendered":"\u00c0 propos de IT"},"content":{"rendered":"<div class=\"wpb-content-wrapper\"><p>[vc_row css_animation=\u00a0\u00bb\u00a0\u00bb row_type=\u00a0\u00bbrow\u00a0\u00bb use_row_as_full_screen_section=\u00a0\u00bbno\u00a0\u00bb type=\u00a0\u00bbgrid\u00a0\u00bb angled_section=\u00a0\u00bbno\u00a0\u00bb text_align=\u00a0\u00bbleft\u00a0\u00bb background_image_as_pattern=\u00a0\u00bbwithout_pattern\u00a0\u00bb el_class=\u00a0\u00bbsection-split-top-half section-split-bottom-half flexcenter card-intro\u00a0\u00bb z_index=\u00a0\u00bb\u00a0\u00bb][vc_column width=\u00a0\u00bb7\/12&Prime;][vc_single_image image=\u00a0\u00bb47321&Prime; img_size=\u00a0\u00bbfull\u00a0\u00bb alignment=\u00a0\u00bbcenter\u00a0\u00bb qode_css_animation=\u00a0\u00bb\u00a0\u00bb][\/vc_column][vc_column width=\u00a0\u00bb1\/12&Prime;][\/vc_column][vc_column width=\u00a0\u00bb4\/12&Prime;][vc_column_text]<\/p>\n<h1>\u00c0 PROPOS DE IT<\/h1>\n<p>[\/vc_column_text][vc_column_text]La <a href=\"https:\/\/www.itpas.ad\/fr\/boutique-de-mode\/\">boutique IT<\/a> est situ\u00e9e dans la meilleure zone commerciale du Pas de la Case.<\/p>\n<p>IT, toujours \u00e0 la pointe de la mode pour les femmes, hommes et enfants, offre un grand choix de <a href=\"https:\/\/www.itpas.ad\/fr\/marques\/\">marques<\/a> de prestige international, d\u2019excellente qualit\u00e9.<\/p>\n<p>IT est une grande entreprise familiale. Ses fondateurs<br \/>\ncontinuent d\u2019exercer un r\u00f4le fondamental dans sa croissance, gr\u00e2ce \u00e0 une jeune \u00e9quipe qui participe activement \u00e0 son \u00e9volution.[\/vc_column_text][\/vc_column][\/vc_row]<\/p>\n<\/div>","protected":false},"excerpt":{"rendered":"<p>[vc_row css_animation=\u00a0\u00bb\u00a0\u00bb row_type=\u00a0\u00bbrow\u00a0\u00bb use_row_as_full_screen_section=\u00a0\u00bbno\u00a0\u00bb type=\u00a0\u00bbgrid\u00a0\u00bb angled_section=\u00a0\u00bbno\u00a0\u00bb text_align=\u00a0\u00bbleft\u00a0\u00bb background_image_as_pattern=\u00a0\u00bbwithout_pattern\u00a0\u00bb el_class=\u00a0\u00bbsection-split-top-half section-split-bottom-half flexcenter card-intro\u00a0\u00bb z_index=\u00a0\u00bb\u00a0\u00bb][vc_column width=\u00a0\u00bb7\/12&Prime;][vc_single_image image=\u00a0\u00bb47321&Prime; img_size=\u00a0\u00bbfull\u00a0\u00bb alignment=\u00a0\u00bbcenter\u00a0\u00bb qode_css_animation=\u00a0\u00bb\u00a0\u00bb][\/vc_column][vc_column width=\u00a0\u00bb1\/12&Prime;][\/vc_column][vc_column width=\u00a0\u00bb4\/12&Prime;][vc_column_text] \u00c0 PROPOS DE IT [\/vc_column_text][vc_column_text]La boutique IT est situ\u00e9e dans la meilleure zone commerciale du&#8230;<\/p>\n","protected":false},"author":7,"featured_media":0,"parent":0,"menu_order":0,"comment_status":"closed","ping_status":"closed","template":"","meta":{"inline_featured_image":false,"footnotes":""},"class_list":["post-26795","page","type-page","status-publish","hentry"],"yoast_head":"<!-- This site is optimized with the Yoast SEO plugin v27.4 - https:\/\/yoast.com\/product\/yoast-seo-wordpress\/ -->\n<title>\u00c0 propos de IT - It Pas de la Case<\/title>\n<meta name=\"description\" content=\"\u00c0 PROPOS DE IT La boutique IT est situ\u00e9e dans la meilleure zone commerciale du Pas de la Case. IT, toujours \u00e0 la pointe de la mode pour les femmes, hommes\" \/>\n<meta name=\"robots\" content=\"index, follow, max-snippet:-1, max-image-preview:large, max-video-preview:-1\" \/>\n<link rel=\"canonical\" href=\"https:\/\/www.itpas.ad\/fr\/a-propos-de-it\/\" \/>\n<meta property=\"og:locale\" content=\"fr_FR\" \/>\n<meta property=\"og:type\" content=\"article\" \/>\n<meta property=\"og:title\" content=\"\u00c0 propos de IT - It Pas de la Case\" \/>\n<meta property=\"og:description\" content=\"\u00c0 PROPOS DE IT La boutique IT est situ\u00e9e dans la meilleure zone commerciale du Pas de la Case. IT, toujours \u00e0 la pointe de la mode pour les femmes, hommes\" \/>\n<meta property=\"og:url\" content=\"https:\/\/www.itpas.ad\/fr\/a-propos-de-it\/\" \/>\n<meta property=\"og:site_name\" content=\"It Pas de la Casa\" \/>\n<meta property=\"article:publisher\" content=\"https:\/\/es-la.facebook.com\/viamodaandorra\/\" \/>\n<meta property=\"article:modified_time\" content=\"2022-04-05T15:43:01+00:00\" \/>\n<meta name=\"twitter:label1\" content=\"Dur\u00e9e de lecture estim\u00e9e\" \/>\n\t<meta name=\"twitter:data1\" content=\"1 minute\" \/>\n<script type=\"application\/ld+json\" class=\"yoast-schema-graph\">{\"@context\":\"https:\\\/\\\/schema.org\",\"@graph\":[{\"@type\":\"WebPage\",\"@id\":\"https:\\\/\\\/www.itpas.ad\\\/fr\\\/a-propos-de-it\\\/\",\"url\":\"https:\\\/\\\/www.itpas.ad\\\/fr\\\/a-propos-de-it\\\/\",\"name\":\"\u00c0 propos de IT - It Pas de la Case\",\"isPartOf\":{\"@id\":\"https:\\\/\\\/www.itpas.ad\\\/fr\\\/#website\"},\"datePublished\":\"2017-09-19T15:03:34+00:00\",\"dateModified\":\"2022-04-05T15:43:01+00:00\",\"description\":\"\u00c0 PROPOS DE IT La boutique IT est situ\u00e9e dans la meilleure zone commerciale du Pas de la Case. IT, toujours \u00e0 la pointe de la mode pour les femmes, hommes\",\"breadcrumb\":{\"@id\":\"https:\\\/\\\/www.itpas.ad\\\/fr\\\/a-propos-de-it\\\/#breadcrumb\"},\"inLanguage\":\"fr-FR\",\"potentialAction\":[{\"@type\":\"ReadAction\",\"target\":[\"https:\\\/\\\/www.itpas.ad\\\/fr\\\/a-propos-de-it\\\/\"]}]},{\"@type\":\"BreadcrumbList\",\"@id\":\"https:\\\/\\\/www.itpas.ad\\\/fr\\\/a-propos-de-it\\\/#breadcrumb\",\"itemListElement\":[{\"@type\":\"ListItem\",\"position\":1,\"name\":\"Inici\",\"item\":\"https:\\\/\\\/www.itpas.ad\\\/fr\\\/\"},{\"@type\":\"ListItem\",\"position\":2,\"name\":\"\u00c0 propos de IT\"}]},{\"@type\":\"WebSite\",\"@id\":\"https:\\\/\\\/www.itpas.ad\\\/fr\\\/#website\",\"url\":\"https:\\\/\\\/www.itpas.ad\\\/fr\\\/\",\"name\":\"It Pas de la Casa\",\"description\":\"Boutique de mode au Pas de la Case\",\"potentialAction\":[{\"@type\":\"SearchAction\",\"target\":{\"@type\":\"EntryPoint\",\"urlTemplate\":\"https:\\\/\\\/www.itpas.ad\\\/fr\\\/?s={search_term_string}\"},\"query-input\":{\"@type\":\"PropertyValueSpecification\",\"valueRequired\":true,\"valueName\":\"search_term_string\"}}],\"inLanguage\":\"fr-FR\"}]}<\/script>\n<!-- \/ Yoast SEO plugin. -->","yoast_head_json":{"title":"\u00c0 propos de IT - It Pas de la Case","description":"\u00c0 PROPOS DE IT La boutique IT est situ\u00e9e dans la meilleure zone commerciale du Pas de la Case. IT, toujours \u00e0 la pointe de la mode pour les femmes, hommes","robots":{"index":"index","follow":"follow","max-snippet":"max-snippet:-1","max-image-preview":"max-image-preview:large","max-video-preview":"max-video-preview:-1"},"canonical":"https:\/\/www.itpas.ad\/fr\/a-propos-de-it\/","og_locale":"fr_FR","og_type":"article","og_title":"\u00c0 propos de IT - It Pas de la Case","og_description":"\u00c0 PROPOS DE IT La boutique IT est situ\u00e9e dans la meilleure zone commerciale du Pas de la Case. IT, toujours \u00e0 la pointe de la mode pour les femmes, hommes","og_url":"https:\/\/www.itpas.ad\/fr\/a-propos-de-it\/","og_site_name":"It Pas de la Casa","article_publisher":"https:\/\/es-la.facebook.com\/viamodaandorra\/","article_modified_time":"2022-04-05T15:43:01+00:00","twitter_misc":{"Dur\u00e9e de lecture estim\u00e9e":"1 minute"},"schema":{"@context":"https:\/\/schema.org","@graph":[{"@type":"WebPage","@id":"https:\/\/www.itpas.ad\/fr\/a-propos-de-it\/","url":"https:\/\/www.itpas.ad\/fr\/a-propos-de-it\/","name":"\u00c0 propos de IT - It Pas de la Case","isPartOf":{"@id":"https:\/\/www.itpas.ad\/fr\/#website"},"datePublished":"2017-09-19T15:03:34+00:00","dateModified":"2022-04-05T15:43:01+00:00","description":"\u00c0 PROPOS DE IT La boutique IT est situ\u00e9e dans la meilleure zone commerciale du Pas de la Case. IT, toujours \u00e0 la pointe de la mode pour les femmes, hommes","breadcrumb":{"@id":"https:\/\/www.itpas.ad\/fr\/a-propos-de-it\/#breadcrumb"},"inLanguage":"fr-FR","potentialAction":[{"@type":"ReadAction","target":["https:\/\/www.itpas.ad\/fr\/a-propos-de-it\/"]}]},{"@type":"BreadcrumbList","@id":"https:\/\/www.itpas.ad\/fr\/a-propos-de-it\/#breadcrumb","itemListElement":[{"@type":"ListItem","position":1,"name":"Inici","item":"https:\/\/www.itpas.ad\/fr\/"},{"@type":"ListItem","position":2,"name":"\u00c0 propos de IT"}]},{"@type":"WebSite","@id":"https:\/\/www.itpas.ad\/fr\/#website","url":"https:\/\/www.itpas.ad\/fr\/","name":"It Pas de la Casa","description":"Boutique de mode au Pas de la Case","potentialAction":[{"@type":"SearchAction","target":{"@type":"EntryPoint","urlTemplate":"https:\/\/www.itpas.ad\/fr\/?s={search_term_string}"},"query-input":{"@type":"PropertyValueSpecification","valueRequired":true,"valueName":"search_term_string"}}],"inLanguage":"fr-FR"}]}},"_links":{"self":[{"href":"https:\/\/www.itpas.ad\/fr\/wp-json\/wp\/v2\/pages\/26795","targetHints":{"allow":["GET"]}}],"collection":[{"href":"https:\/\/www.itpas.ad\/fr\/wp-json\/wp\/v2\/pages"}],"about":[{"href":"https:\/\/www.itpas.ad\/fr\/wp-json\/wp\/v2\/types\/page"}],"author":[{"embeddable":true,"href":"https:\/\/www.itpas.ad\/fr\/wp-json\/wp\/v2\/users\/7"}],"replies":[{"embeddable":true,"href":"https:\/\/www.itpas.ad\/fr\/wp-json\/wp\/v2\/comments?post=26795"}],"version-history":[{"count":4,"href":"https:\/\/www.itpas.ad\/fr\/wp-json\/wp\/v2\/pages\/26795\/revisions"}],"predecessor-version":[{"id":47885,"href":"https:\/\/www.itpas.ad\/fr\/wp-json\/wp\/v2\/pages\/26795\/revisions\/47885"}],"wp:attachment":[{"href":"https:\/\/www.itpas.ad\/fr\/wp-json\/wp\/v2\/media?parent=26795"}],"curies":[{"name":"wp","href":"https:\/\/api.w.org\/{rel}","templated":true}]}}